{"id":16949,"date":"2020-03-02T11:48:13","date_gmt":"2020-03-02T11:48:13","guid":{"rendered":"https:\/\/demo02.houzez.co\/?page_id=16949"},"modified":"2024-02-23T13:12:16","modified_gmt":"2024-02-23T12:12:16","slug":"listings-with-elementor","status":"publish","type":"page","link":"https:\/\/www.lottynekretnine.com\/en\/listings-with-elementor\/","title":{"rendered":"Listings with Elementor"},"content":{"rendered":"\t\t<div data-elementor-type=\"wp-page\" data-elementor-id=\"16949\" class=\"elementor elementor-16949\">\n\t\t\t\t\t\t\t\t\t<section class=\"elementor-section elementor-top-section elementor-element elementor-element-790bd10 elementor-section-boxed elementor-section-height-default elementor-section-height-default\" data-id=\"790bd10\" data-element_type=\"section\">\n\t\t\t\t\t\t<div class=\"elementor-container elementor-column-gap-default\">\n\t\t\t\t\t<div class=\"elementor-column elementor-col-100 elementor-top-column elementor-element elementor-element-ba3b13a\" data-id=\"ba3b13a\" data-element_type=\"column\">\n\t\t\t<div class=\"elementor-widget-wrap elementor-element-populated\">\n\t\t\t\t\t\t\t\t<div class=\"elementor-element elementor-element-39bc9d3 elementor-widget elementor-widget-houzez_elementor_space\" data-id=\"39bc9d3\" data-element_type=\"widget\" data-widget_type=\"houzez_elementor_space.default\">\n\t\t\t\t<div class=\"elementor-widget-container\">\n\t\t\t        <div class=\"houzez-spacer\">\n            <div class=\"houzez-spacer-inner\"><\/div>\n        <\/div>\n        \t\t<\/div>\n\t\t\t\t<\/div>\n\t\t\t\t\t<\/div>\n\t\t<\/div>\n\t\t\t\t\t\t\t<\/div>\n\t\t<\/section>\n\t\t\t\t<section class=\"elementor-section elementor-top-section elementor-element elementor-element-3f267cb elementor-section-boxed elementor-section-height-default elementor-section-height-default\" data-id=\"3f267cb\" data-element_type=\"section\">\n\t\t\t\t\t\t<div class=\"elementor-container elementor-column-gap-default\">\n\t\t\t\t\t<div class=\"elementor-column elementor-col-33 elementor-top-column elementor-element elementor-element-ef7ed4a\" data-id=\"ef7ed4a\" data-element_type=\"column\">\n\t\t\t<div class=\"elementor-widget-wrap elementor-element-populated\">\n\t\t\t\t\t\t\t\t<div class=\"elementor-element elementor-element-3c67cf7 elementor-widget elementor-widget-houzez_elementor_listings_tabs\" data-id=\"3c67cf7\" data-element_type=\"widget\" data-widget_type=\"houzez_elementor_listings_tabs.default\">\n\t\t\t\t<div class=\"elementor-widget-container\">\n\t\t\t\n        <div id=\"houzez-listings-tabs-wrap\" class=\"listing-tabs flex-grow-1\">\n            \n            <ul class=\"nav nav-tabs \">\n                \n                                <li class=\"nav-item\">\n                    <a class=\"nav-link active\" href=\"https:\/\/www.lottynekretnine.com\/en\/listings-with-elementor\/\">\n                        All                    <\/a>\n                <\/li>\n                \n                \n                <li class=\"nav-item\">\n                                <a class=\"nav-link \" href=\"https:\/\/www.lottynekretnine.com\/en\/listings-with-elementor\/?tab=iznajmljivanje&#038;tax=property_status\">\n                                    For Rent\n                                <\/a>\n                            <\/li><li class=\"nav-item\">\n                                <a class=\"nav-link \" href=\"https:\/\/www.lottynekretnine.com\/en\/listings-with-elementor\/?tab=novi-oglas&#038;tax=property_status\">\n                                    \n                                <\/a>\n                            <\/li><li class=\"nav-item\">\n                                <a class=\"nav-link \" href=\"https:\/\/www.lottynekretnine.com\/en\/listings-with-elementor\/?tab=novogradnja&#038;tax=property_status\">\n                                    \n                                <\/a>\n                            <\/li><li class=\"nav-item\">\n                                <a class=\"nav-link \" href=\"https:\/\/www.lottynekretnine.com\/en\/listings-with-elementor\/?tab=prodaja&#038;tax=property_status\">\n                                    For Sale\n                                <\/a>\n                            <\/li>                \n\n            <\/ul><!-- nav-tabs -->\n                \n        <\/div><!-- listing-tabs -->\n\n    \n    \t\t<\/div>\n\t\t\t\t<\/div>\n\t\t\t\t\t<\/div>\n\t\t<\/div>\n\t\t\t\t<div class=\"elementor-column elementor-col-66 elementor-top-column elementor-element elementor-element-862b267\" data-id=\"862b267\" data-element_type=\"column\">\n\t\t\t<div class=\"elementor-widget-wrap elementor-element-populated\">\n\t\t\t\t\t\t\t\t<div class=\"elementor-element elementor-element-10ce70f elementor-widget elementor-widget-houzez_elementor_sort_by\" data-id=\"10ce70f\" data-element_type=\"widget\" data-widget_type=\"houzez_elementor_sort_by.default\">\n\t\t\t\t<div class=\"elementor-widget-container\">\n\t\t\t        <div class=\"sort-by\">\n            <div class=\"d-flex align-items-center\">\n                <div class=\"sort-by-title\">\n                    Sortiranje:                <\/div><!-- sort-by-title -->  \n                <select id=\"sort_properties\" class=\"selectpicker form-control bs-select-hidden\" title=\"Default Order\" data-live-search=\"false\" data-dropdown-align-right=\"auto\">\n                    <option value=\"\">Default Order<\/option>\n                    <option  value=\"a_price\">Price - Low to High<\/option>\n                    <option  value=\"d_price\">Price - High to Low<\/option>\n                    \n                    <option  value=\"featured_first\">Featured Listings First<\/option>\n                    \n                    <option  value=\"a_date\">Date - Old to New<\/option>\n                    <option  value=\"d_date\">Date - New to Old<\/option>\n                <\/select><!-- selectpicker -->\n            <\/div><!-- d-flex -->\n        <\/div><!-- sort-by -->\n        \t\t<\/div>\n\t\t\t\t<\/div>\n\t\t\t\t\t<\/div>\n\t\t<\/div>\n\t\t\t\t\t\t\t<\/div>\n\t\t<\/section>\n\t\t\t\t<section class=\"elementor-section elementor-top-section elementor-element elementor-element-0e9ed99 elementor-section-boxed elementor-section-height-default elementor-section-height-default\" data-id=\"0e9ed99\" data-element_type=\"section\">\n\t\t\t\t\t\t<div class=\"elementor-container elementor-column-gap-default\">\n\t\t\t\t\t<div class=\"elementor-column elementor-col-100 elementor-top-column elementor-element elementor-element-f11faec\" data-id=\"f11faec\" data-element_type=\"column\">\n\t\t\t<div class=\"elementor-widget-wrap elementor-element-populated\">\n\t\t\t\t\t\t\t\t<div class=\"elementor-element elementor-element-72c2c22 elementor-widget elementor-widget-houzez_elementor_property-card-v6\" data-id=\"72c2c22\" data-element_type=\"widget\" data-widget_type=\"houzez_elementor_property-card-v6.default\">\n\t\t\t\t<div class=\"elementor-widget-container\">\n\t\t\t\t\t\r\n\t\t<div id=\"properties_module_section\" class=\"property-cards-module property-cards-module-v1 property-cards-module-3-cols\">\r\n\t\t\t<div id=\"module_properties\" class=\"listing-view grid-view card-deck grid-view-3-cols\">\r\n\t\t\t\t<div class=\"col-lg-12\">\n\t<p class=\"mt-30 text-center\">\n\t\tNo listing found.\t<\/p>\n<\/div>\r\n\t\t\t<\/div><!-- listing-view -->\r\n\r\n\t\t\t\t\t<\/div><!-- property-grid-module -->\r\n\r\n\t\t\t\t<\/div>\n\t\t\t\t<\/div>\n\t\t\t\t\t<\/div>\n\t\t<\/div>\n\t\t\t\t\t\t\t<\/div>\n\t\t<\/section>\n\t\t\t\t\t\t\t<\/div>\n\t\t","protected":false},"excerpt":{"rendered":"<p>All Iznajmljivanje Novi oglas Novogradnja Prodaja Sortiranje: PodrazumijevanoCijena &#8211; rastu\u0107eCijena &#8211; opadaju\u0107eIzdvojeni oglasiDatum &#8211; rastu\u0107eDatum &#8211; opadaju\u0107e Prodaja Prodato Test nekretnina 3 1.250,00BAM Kreveta: 4 Kupatila: 2 245 m\u00b2 Prodaja Single family home 670.000,00BAM Kreveta: 4 Kupatila: 2 1200 Sq Ft Iznajmljivanje Top ponuda New apartment 2.500,00BAM\/mo Kreveta: 3 Kupatilo: 1 2450 Sq Ft Iznajmljivanje [&hellip;]<\/p>\n","protected":false},"author":1,"featured_media":0,"parent":0,"menu_order":0,"comment_status":"closed","ping_status":"closed","template":"template\/template-homepage.php","meta":{"footnotes":""},"class_list":["post-16949","page","type-page","status-publish","hentry"],"_links":{"self":[{"href":"https:\/\/www.lottynekretnine.com\/en\/wp-json\/wp\/v2\/pages\/16949","targetHints":{"allow":["GET"]}}],"collection":[{"href":"https:\/\/www.lottynekretnine.com\/en\/wp-json\/wp\/v2\/pages"}],"about":[{"href":"https:\/\/www.lottynekretnine.com\/en\/wp-json\/wp\/v2\/types\/page"}],"author":[{"embeddable":true,"href":"https:\/\/www.lottynekretnine.com\/en\/wp-json\/wp\/v2\/users\/1"}],"replies":[{"embeddable":true,"href":"https:\/\/www.lottynekretnine.com\/en\/wp-json\/wp\/v2\/comments?post=16949"}],"version-history":[{"count":0,"href":"https:\/\/www.lottynekretnine.com\/en\/wp-json\/wp\/v2\/pages\/16949\/revisions"}],"wp:attachment":[{"href":"https:\/\/www.lottynekretnine.com\/en\/wp-json\/wp\/v2\/media?parent=16949"}],"curies":[{"name":"wp","href":"https:\/\/api.w.org\/{rel}","templated":true}]}}